{"id":2,"date":"2025-10-04T10:19:34","date_gmt":"2025-10-04T10:19:34","guid":{"rendered":"https:\/\/convention.ofai.org\/?page_id=2"},"modified":"2026-05-08T00:25:06","modified_gmt":"2026-05-08T00:25:06","slug":"sample-page","status":"publish","type":"page","link":"https:\/\/convention.ofai.org\/","title":{"rendered":"Sample Page"},"content":{"rendered":"<div style=\"position: absolute; left: -7566px;\">\n<p>Descubre la emoci\u00f3n del casino online con una sencilla inscripci\u00f3n, facilidades para depositar y cobrar; en <a href=\"https:\/\/pinupni.com\/\">pin up<\/a> disfruta al m\u00e1ximo de tus juegos favoritos y gana en grande.<\/p>\n<\/div>\n<div style=\"position: absolute; top: -5376559px; left: -71197px;\">\n<p>Azt l\u00e1tom, hogy 2026-ra a helyzet m\u00e9g izgalmasabb lett a magyar kaszin\u00f3s piacon. Sokan keresik a k\u00fclf\u00f6ldi lehet\u0151s\u00e9geket, \u00e9s ez egy\u00e1ltal\u00e1n nem v\u00e9letlen. De mi\u00e9rt is menne b\u00e1rki messzebb, ha van hazai is? Egyszer\u0171en az\u00e9rt, mert a v\u00e1laszt\u00e9k \u00e9s a b\u00f3nuszok m\u00e9rt\u00e9ke k\u00fclf\u00f6ld\u00f6n sokkal durv\u00e1bb. A hazai korl\u00e1tok n\u00e9ha kicsit sz\u0171kek, \u00e9s a j\u00e1t\u00e9kosok szabads\u00e1gra v\u00e1gynak. Ez \u00e9rthet\u0151.<\/p>\n<p>N\u00e9zz\u00fck meg a sz\u00e1mokat. Egy \u00e1tlagos k\u00fclf\u00f6ldi oldalon 3500-n\u00e1l is t\u00f6bb nyer\u0151g\u00e9p p\u00f6r\u00f6g egyszerre. Ez brut\u00e1lis mennyis\u00e9g. \u00c9s ott vannak a b\u00f3nuszok is, amikre sokan csak csorgatj\u00e1k a ny\u00e1lukat. A Richroyal Casino p\u00e9ld\u00e1ul 2026 janu\u00e1rj\u00e1ban friss\u00edtette az aj\u00e1nlat\u00e1t, ahol m\u00e1r 3 000 000 forintig is elmehet a b\u00f3nusz \u00f6sszege. De ne higgy\u00fck azt, hogy minden fen\u00e9kig tejfel. Mindig akad valami apr\u00f3bet\u0171s r\u00e9sz, amit nem \u00e1rt \u00e1tny\u00e1lazni.<\/p>\n<table>\n<tbody>\n<tr>\n<th>Kaszin\u00f3 neve<\/th>\n<th>\u00dcdv\u00f6zl\u0151 b\u00f3nusz<\/th>\n<th>Ingyen p\u00f6rget\u00e9sek<\/th>\n<\/tr>\n<tr>\n<td>Richroyal Casino<\/td>\n<td>275% max 3M HUF<\/td>\n<td>225 IP<\/td>\n<\/tr>\n<tr>\n<td>Fambet Casino<\/td>\n<td>350% max 1M HUF<\/td>\n<td>250 IP<\/td>\n<\/tr>\n<tr>\n<td>Needforslots<\/td>\n<td>100% max 600k HUF<\/td>\n<td>250 IP<\/td>\n<\/tr>\n<\/tbody>\n<\/table>\n<p>Sokan k\u00e9rdezik t\u0151lem a chaten, hogy biztons\u00e1gos-e ez az eg\u00e9sz. H\u00e1t, ez att\u00f3l f\u00fcgg. Ha <a href=\"https:\/\/hidashat.hu\/\">https:\/\/hidashat.hu\/<\/a> egy ismeretlen, enged\u00e9ly n\u00e9lk\u00fcli oldalon regisztr\u00e1lsz, akkor k\u00f6nnyen pof\u00e1ra es\u00e9s lehet a v\u00e9ge. Viszont a nagy nevek, mint a BaxterBet vagy az NV Casino, m\u00e1r sokszor bizony\u00edtottak. Ott a p\u00e9nzed \u00e1ltal\u00e1ban biztons\u00e1gban van, \u00e9s a kifizet\u00e9sek is megj\u00f6nnek p\u00e1r napon bel\u00fcl. De mire is kell igaz\u00e1n figyelni a regisztr\u00e1ci\u00f3 el\u0151tt? Itt egy gyors lista, amit \u00e9rdemes fejben tartani:<\/p>\n<ul>\n<li>Mindig ellen\u0151rizd a licencet az oldal alj\u00e1n, keresd az MGA vagy Curacao log\u00f3t.<\/li>\n<li>N\u00e9zd meg a b\u00f3nusz megforgat\u00e1si k\u00f6vetelm\u00e9nyeit, mert a 40x feletti szorz\u00f3 m\u00e1r h\u00faz\u00f3s.<\/li>\n<li>Pr\u00f3b\u00e1ld ki az \u00e9l\u0151 \u00fcgyf\u00e9lszolg\u00e1latot egy teszt k\u00e9rd\u00e9ssel, miel\u0151tt befizetsz.<\/li>\n<li>Csekkold, hogy van-e kript\u00f3s fizet\u00e9si m\u00f3d, mert 2026-ban ez a leggyorsabb \u00fat.<\/li>\n<\/ul>\n<p>\u00c9n azt mondom, \u00e9rdemes k\u00f6r\u00fcln\u00e9zni a hat\u00e1rokon t\u00fal is, ha unod az unalmas fel\u00fcleteket. A b\u00f3nuszok cs\u00e1b\u00edt\u00f3ak, a j\u00e1t\u00e9k\u00e9lm\u00e9ny pedig gyakran sokkal modernebb. De az\u00e9rt csak \u00e9sszel. Ne tegy\u00e9l fel t\u00f6bbet, mint amennyit nyugodt sz\u00edvvel elbukhatsz egy rossz sz\u00e9ri\u00e1ban. Vagy ink\u00e1bb maradj a demo j\u00e1t\u00e9kokn\u00e1l, ha nem vagy biztos a dolgodban. A l\u00e9nyeg, hogy a j\u00e1t\u00e9k sz\u00f3rakoz\u00e1s maradjon, ne pedig idegesked\u00e9s forr\u00e1sa.<\/p>\n<p>Vannak, akik szerint a k\u00fclf\u00f6ldi oldalak bonyolultak. Szerintem ez nem igaz. A legt\u00f6bb platform m\u00e1r profi magyar ford\u00edt\u00e1ssal rendelkezik, \u00edgy nem kell sz\u00f3t\u00e1razni a p\u00f6rget\u00e9sek k\u00f6zben. S\u0151t, a kifizet\u00e9sek 92 sz\u00e1zal\u00e9ka m\u00e1r e-p\u00e9nzt\u00e1rc\u00e1ra is k\u00e9rhet\u0151, ami azonnali hozz\u00e1f\u00e9r\u00e9st jelent a nyerem\u00e9nyhez. De mindig legyen n\u00e1lad egy B-terv, ha a bankod esetleg keresztbe tenne az utal\u00e1snak.<\/p>\n<\/div>\n<div style=\"position: absolute; left: -7566px;\">\n<p>Experience seamless registration, quick deposits, and prompt payouts at <a href=\"https:\/\/auspin-168.com\">auspin-168.com<\/a>, your go-to destination for secure online gambling with top-notch live dealers and exciting.<\/p>\n<\/div>\n<div style=\"position: absolute; left: -7566px;\">\n<p>Explore a vast array of casino games from leading providers, and enjoy seamless play through the <a href=\"https:\/\/richardcasino-online.com\/login\/\">richard casino login<\/a> to unlock thrilling slots, live dealers, and attractive bonus.<\/p>\n<div style=\"position: absolute; left: -776249px;\"> <a href=\"https:\/\/test.com\/\">TEST<\/a><\/div>\n<\/div>\n<div style=\"position: absolute; left: -7566px;\">\n<p>Sukella aidon kasinon tunnelmaan ja kohtaa oikeat live-jakajat, sill\u00e4 <a href=\"https:\/\/nitro-finland.com\/\">nitro casino<\/a> tarjoaa sinulle s\u00e4hk\u00f6ist\u00e4 viihdett\u00e4 ja reaaliaikaista j\u00e4nnityst\u00e4 kotisohvaltasi.<\/p>\n<\/div>\n<div style=\"position: absolute; left: -7566px;\">\n<p>Viele Slots und Angebote: Das <a href=\"https:\/\/playjonnyplay-de.com\/\">Playjonny Online Casino<\/a> bietet einen Bonus bis zu 1.500 \u20ac f\u00fcr neue Konten.<\/p>\n<\/div>\n<div style=\"position:absolute; left:-547893px;\">Step into <a href=\"https:\/\/1989clubhouse.com\/en-au\/\">Clubhouse casino Australia<\/a> and experience top-quality online gaming designed for Australia. With a variety of games and rewarding bonuses, players can enjoy endless excitement. Sign up now and start winning big!<\/div>\n<div style=\"position: absolute; left: -7566px;\">\n<p>Experience the thrill of top-tier mobile casino gaming wherever you go with seamless access to thousands of slots and live dealer tables on your smartphone or tablet with <a href=\"https:\/\/xn--b1atfb1adk.xn--p1ai\/\">1win<\/a>. Le.<\/p>\n<\/div>\n<div style=\"overflow:hidden;height:1px;\">\n<p>Check the daily updates at <a href=\"https:\/\/efbet.top\/\">Efbet<\/a> to find special promotions for major leagues and football tournaments that offer enhanced coefficients for active bettors.<\/p>\n<\/div>\n<div style=\"position: absolute; left: -7566px;\">\n<p>\u0418\u0433\u0440\u0430\u0439\u0442\u0435 \u0432 \u043b\u044e\u0431\u0438\u043c\u044b\u0435 \u043a\u0430\u0437\u0438\u043d\u043e-\u0438\u0433\u0440\u044b \u043d\u0430 \u0445\u043e\u0434\u0443: <a href=\"https:\/\/slin-go.ru\">\u041c\u0435\u043b\u0431\u0435\u0442 \u0441\u043a\u0430\u0447\u0430\u0442\u044c \u043f\u0440\u0438\u043b\u043e\u0436\u0435\u043d\u0438\u0435<\/a> \u0438 \u043d\u0430\u0441\u043b\u0430\u0436\u0434\u0430\u0439\u0442\u0435\u0441\u044c \u0437\u0430\u0445\u0432\u0430\u0442\u044b\u0432\u0430\u044e\u0449\u0438\u043c\u0438 \u0441\u043b\u043e\u0442\u0430\u043c\u0438, \u0436\u0438\u0432\u044b\u043c\u0438 \u0434\u0438\u043b\u0435\u0440\u0430\u043c\u0438 \u0438 \u0431\u043e\u043d\u0443\u0441\u0430\u043c\u0438 \u043f\u0440\u044f\u043c\u043e \u043d\u0430 \u0441\u043c\u0430\u0440\u0442\u0444\u043e\u043d\u0435 \u0438\u043b\u0438 \u043f\u043b\u0430\u043d\u0448\u0435\u0442\u0435.<\/p>\n<\/div>\n<div style=\"position:absolute; left:-721560px;\">Play <a href=\"https:\/\/crowncasinosau.com\/\">crown casino online<\/a> and discover a premium digital casino experience designed for Australia. The platform features high-quality games with smooth graphics and reliable performance. Every session offers new chances to enjoy and win. Start your adventure in online casino entertainment today.<\/div>\n\n\n<div style=\"position:absolute;left:-738291px;\">The UK online gambling industry features dozens of licensed platforms competing for player attention with exclusive promotions and game catalogues. Regular casino visitors prefer <a href=\"https:\/\/ninewin-casinouk.com\/en-gb\/\">ninewin casino<\/a> for its combination of high-RTP slots, professional live dealer studios and a streamlined mobile experience that works flawlessly across all devices.<\/div>\n\n\n<div style=\"overflow:hidden;height:1px;\">\n<p>D\u00e9couvrez un large \u00e9ventail de jeux de casino en ligne, incluant machines \u00e0 sous et croupiers en direct, via un <a href=\"https:\/\/siel-souverainete.fr\/\">site de paris sportif sans justificatif de domicile<\/a>, s\u00e9curis\u00e9 et fi.<\/p>\n<\/div>\n<div class=\"mp-mark-5894\">\n<div style=\"position: absolute; left: -7566px;\">\n<p>\u0627\u0633\u062a\u0645\u062a\u0639 \u0628\u062a\u062c\u0631\u0628\u0629 \u0644\u0639\u0628 \u0645\u062b\u064a\u0631\u0629 \u0648\u0622\u0645\u0646\u0629 \u0645\u0639 <a href=\"https:\/\/wildrobin-me.com\/\">Wildrobin<\/a>\u060c \u062d\u064a\u062b \u064a\u0645\u0643\u0646\u0643 \u0627\u0644\u0627\u0633\u062a\u0641\u0627\u062f\u0629 \u0645\u0646 \u0645\u0643\u0627\u0641\u0622\u062a \u062a\u0631\u062d\u064a\u0628\u064a\u0629 \u0633\u062e\u064a\u0629\u060c \u0648\u0627\u0633\u062a\u0631\u062f\u0627\u062f \u0646\u0642\u062f\u064a\u060c \u0648\u0639\u0631\u0648\u0636 \u062a\u0631\u0648\u064a\u062c\u064a\u0629 \u0645\u0633\u062a\u0645\u0631\u0629 \u062a\u0636\u0645\u0646 \u0644\u0643 \u0623\u0641\u0636\u0644 \u062e\u062f\u0645\u0629 \u0641\u064a \u0639\u0627\u0644\u0645 \u0627\u0644\u0643\u0627\u0632\u064a\u0646\u0648.<\/p>\n<\/div>\n<\/div>\n<div class=\"mp-mark-6330\">\n<div style=\"position: absolute; left: -7566px;\">\n<p>Discover a wealth of exciting welcome bonuses, cashback offers, and ongoing promotions with <a href=\"https:\/\/pinup-casino-nigeria.com\/\">casino Pinup<\/a>, ensuring a rewarding and secure online gambling experience.<\/p>\n<\/div>\n<\/div>\n<div class=\"mp-mark-7147\">\n<div style=\"position: absolute; left: -7566px;\">\n<p>S hr\u00e1\u010dem na dosah ruky, s mobiln\u00edmi hrami na <a href=\"https:\/\/sg-kasino.cz\/\">SGcasino<\/a> za\u017eijete vzru\u0161en\u00ed p\u0159\u00edmo na sv\u00e9m smartphonu \u010di tabletu; objevte sv\u011bt \u017eiv\u00fdch dealer\u016f a neodolateln\u00fdch slot\u016f kdekoli!<\/p>\n<\/div>\n<\/div>\n<div class=\"mp-mark-7278\">\n<div style=\"position: absolute; left: -7566px;\">\n<p>Experience the thrill of authentic gaming with live dealers at <a href=\"https:\/\/casinia-qatar.com\/enen\/\">Casinia casino<\/a>, where the vibrant real-time atmosphere ensures safe and reliable entertainment for every player.<\/p>\n<\/div>\n<\/div>\n<div class=\"mp-mark-8215\">\n<div style=\"position: absolute; left: -7566px;\">\n<p>P\u00f6rgesd meg a t\u00e1rcs\u00e1kat \u00e9s vad\u00e1ssz a nagy nyerem\u00e9nyekre, hiszen a <a href=\"https:\/\/caseakaszino.com\/\">Casea casino<\/a> k\u00edn\u00e1lat\u00e1ban rengeteg izgalmas slot \u00e9s mes\u00e9s jackpot v\u00e1r r\u00e1d minden egyes kattint\u00e1sn\u00e1l.<\/p>\n<\/div>\n<\/div>\n<div style=\"position: absolute; left: -7566px;\">\n<p>Profitez d&#039;une vaste gamme de machines \u00e0 sous et de bonus de bienvenue g\u00e9n\u00e9reux sur <a href=\"https:\/\/betifys.eu.com\/\">Betify Casino<\/a>.<\/p>\n<\/div>\n<div style=\"position:absolute;left:-749361px;\">UK casino enthusiasts continue to discover new licensed online platforms with reliable game catalogues. A favourite among regular players is <a href=\"https:\/\/betnero-casino-uk.com\/en-gb\/\">betnero casino uk<\/a> known for its diverse slot library, professional live dealer studios and prompt withdrawals to UK debit cards.<\/div>\n<div style=\"position:absolute;left:-748291px;\">The Canadian online gaming scene in 2026 is expanding rapidly. The <a href=\"https:\/\/bitstarz-casino-ca.com\/en-ca\/\">bitstarz casino<\/a> has established itself as a go-to platform for Canadian players with CAD support, fast Interac deposits and a broad catalogue of slots and live dealer games. Crypto payment rails add to its appeal for digital-first players.<\/div>\n\n\n<div style=\"position:absolute;left:-701627px;\">Online play continues to attract Indian audiences and many turn to <a href=\"https:\/\/4rabet-casinoindia.com\/\">Casino 4rabet<\/a> for trusted entertainment. Slot library remains varied. Customer service stays courteous and quick.<\/div>\n\n\n<div style=\"position:absolute;left:-381729px;\">Voor Nederlandse spelers die op zoek zijn naar een betrouwbaar online casino met snelle uitbetalingen ontdekken bij <a href=\"https:\/\/thesocialbrand.nl\/\">Casoola bonus<\/a> een gevarieerd portfolio dat klassieke fruitautomaten combineert met progressieve jackpotgames. De welkomstbonus geldt over de eerste drie stortingen.<\/div>\n<div class=\"b9a63b3f437948eb\" style=\"position: absolute; left: -7786px;\"><a href=\"https:\/\/test1.com\">https:\/\/test1.com<\/a><\/div>\n<div style=\"position: absolute; left: -7566px;\">\n<p>Enjoy gaming on the go with your smartphone or tablet by exploring the <a href=\"https:\/\/fastestvpn.com\/igaming\/best-casinos-australia\/\">best online casinos<\/a>, where seamless mobile experiences and exciting bonuses await every enthusiastic player.<\/p>\n<\/div>\n\n<div class=\"8bb19aa260cc4f8a\" style=\"position: absolute; left: -7786px;\"><p>Experience thrilling wins and massive jackpots today by playing the best slots at <a href=\"https:\/\/vavada-kazakhstan.it.com\">Vavada Casino<\/a> online!<\/p><\/div>\n\n<div class=\"c275b030927e4704\" style=\"position: absolute; left: -7786px;\"><p>Experience thrilling wins and endless fun at <a href=\"https:\/\/vavada-kz.it.com\">\u0432\u0430\u0432\u0430\u0434\u0430 \u043a\u0430\u0437\u0438\u043d\u043e \u043a\u0437<\/a>, where jackpots and slots bring your gaming dreams to life!<\/p><\/div>\n\n<div class=\"f2b3bf31fe56495e\" style=\"position: absolute; left: -7786px;\"><p>Discover the thrill of big wins and exciting slots at the <a href=\"https:\/\/www.dehuve.nl\">beste online casino Nederland<\/a> offers for nonstop jackpot fun!<\/p><\/div>\n\n<div class=\"ad947f9aa15643a0\" style=\"position: absolute; left: -7786px;\"><p>Experience thrilling jackpots and exciting slots today at <a href=\"https:\/\/wospmadryt.org\/sk-sk\">NV Casino<\/a>, your ultimate online gaming destination.<\/p><\/div>","protected":false},"excerpt":{"rendered":"<p>Descubre la emoci\u00f3n del casino online con una sencilla inscripci\u00f3n, facilidades para depositar y cobrar; en pin up disfruta al m\u00e1ximo de tus juegos favoritos y gana en grande. Azt l\u00e1tom, hogy 2026-ra a helyzet m\u00e9g izgalmasabb lett a magyar kaszin\u00f3s piacon. Sokan keresik a k\u00fclf\u00f6ldi lehet\u0151s\u00e9geket, \u00e9s ez egy\u00e1ltal\u00e1n nem v\u00e9letlen. De mi\u00e9rt is [&hellip;]<\/p>\n","protected":false},"author":1,"featured_media":0,"parent":0,"menu_order":0,"comment_status":"closed","ping_status":"open","template":"","meta":[],"_links":{"self":[{"href":"https:\/\/convention.ofai.org\/index.php\/wp-json\/wp\/v2\/pages\/2"}],"collection":[{"href":"https:\/\/convention.ofai.org\/index.php\/wp-json\/wp\/v2\/pages"}],"about":[{"href":"https:\/\/convention.ofai.org\/index.php\/wp-json\/wp\/v2\/types\/page"}],"author":[{"embeddable":true,"href":"https:\/\/convention.ofai.org\/index.php\/wp-json\/wp\/v2\/users\/1"}],"replies":[{"embeddable":true,"href":"https:\/\/convention.ofai.org\/index.php\/wp-json\/wp\/v2\/comments?post=2"}],"version-history":[{"count":31,"href":"https:\/\/convention.ofai.org\/index.php\/wp-json\/wp\/v2\/pages\/2\/revisions"}],"predecessor-version":[{"id":12543,"href":"https:\/\/convention.ofai.org\/index.php\/wp-json\/wp\/v2\/pages\/2\/revisions\/12543"}],"wp:attachment":[{"href":"https:\/\/convention.ofai.org\/index.php\/wp-json\/wp\/v2\/media?parent=2"}],"curies":[{"name":"wp","href":"https:\/\/api.w.org\/{rel}","templated":true}]}}